{"id":77,"date":"2025-09-14T08:51:16","date_gmt":"2025-09-14T06:51:16","guid":{"rendered":"https:\/\/chalupa-horskypotok.cz\/en\/?page_id=77"},"modified":"2026-01-02T17:28:44","modified_gmt":"2026-01-02T16:28:44","slug":"reservations","status":"publish","type":"page","link":"https:\/\/chalupa-horskypotok.cz\/en\/reservations\/","title":{"rendered":"Reservations"},"content":{"rendered":"\n<p>A stylish\u00a0<strong>mountain cottage in the Krkono\u0161e Mountains<\/strong>\u00a0is located in the quiet village of\u00a0<strong>\u010cern\u00fd D\u016fl<\/strong>, right next to a gently murmuring\u00a0<strong>mountain stream<\/strong>. It is rented only as a whole and offers cozy accommodation in a traditional mountain style with\u00a0<strong>wooden interior elements<\/strong>\u00a0for\u00a0<strong>10 guests<\/strong>, with the option of\u00a0<strong>two extra beds<\/strong>. It is ideal for a relaxing\u00a0<strong>family holiday<\/strong>\u00a0as well as a stay with friends. You will find a beautiful garden and plenty of space to unwind. The surrounding area offers hiking trails, cycling routes, and cross-country skiing tracks.<\/p>\n","protected":false},"excerpt":{"rendered":"<p>A stylish\u00a0mountain cottage in the Krkono\u0161e Mountains\u00a0is located in the quiet village of\u00a0\u010cern\u00fd D\u016fl, right next to a gently murmuring\u00a0mountain stream. It is rented only as a whole and offers cozy accommodation in a traditional mountain style with\u00a0wooden interior elements\u00a0for\u00a010 guests, with the option of\u00a0two extra beds. It is ideal for a relaxing\u00a0family holiday\u00a0as well [&hellip;]<\/p>\n","protected":false},"author":1,"featured_media":0,"parent":0,"menu_order":0,"comment_status":"closed","ping_status":"closed","template":"rezervace.php","meta":{"_acf_changed":false,"footnotes":""},"class_list":["post-77","page","type-page","status-publish","hentry"],"acf":[],"_links":{"self":[{"href":"https:\/\/chalupa-horskypotok.cz\/en\/wp-json\/wp\/v2\/pages\/77","targetHints":{"allow":["GET"]}}],"collection":[{"href":"https:\/\/chalupa-horskypotok.cz\/en\/wp-json\/wp\/v2\/pages"}],"about":[{"href":"https:\/\/chalupa-horskypotok.cz\/en\/wp-json\/wp\/v2\/types\/page"}],"author":[{"embeddable":true,"href":"https:\/\/chalupa-horskypotok.cz\/en\/wp-json\/wp\/v2\/users\/1"}],"replies":[{"embeddable":true,"href":"https:\/\/chalupa-horskypotok.cz\/en\/wp-json\/wp\/v2\/comments?post=77"}],"version-history":[{"count":2,"href":"https:\/\/chalupa-horskypotok.cz\/en\/wp-json\/wp\/v2\/pages\/77\/revisions"}],"predecessor-version":[{"id":133,"href":"https:\/\/chalupa-horskypotok.cz\/en\/wp-json\/wp\/v2\/pages\/77\/revisions\/133"}],"wp:attachment":[{"href":"https:\/\/chalupa-horskypotok.cz\/en\/wp-json\/wp\/v2\/media?parent=77"}],"curies":[{"name":"wp","href":"https:\/\/api.w.org\/{rel}","templated":true}]}}