{"id":19,"date":"2025-09-13T18:49:31","date_gmt":"2025-09-13T16:49:31","guid":{"rendered":"https:\/\/chalupa-horskypotok.cz\/en\/?page_id=19"},"modified":"2026-01-02T17:28:28","modified_gmt":"2026-01-02T16:28:28","slug":"activities-in-the-area","status":"publish","type":"page","link":"https:\/\/chalupa-horskypotok.cz\/en\/activities-in-the-area\/","title":{"rendered":"Activities in the area"},"content":{"rendered":"\n<p><strong>\u010cern\u00fd D\u016fl<\/strong>\u00a0is a\u00a0<strong>picturesque mountain town<\/strong>\u00a0located at the foothills of the\u00a0<strong>eastern Krkono\u0161e Mountains<\/strong>, surrounded by\u00a0<strong>meadows<\/strong>,\u00a0<strong>forests<\/strong>, and\u00a0<strong>mountain streams<\/strong>. Thanks to its location near\u00a0<strong>\u010cern\u00e1 hora<\/strong>\u00a0and the\u00a0<strong>Krkono\u0161e National Park<\/strong>, it is an ideal base for\u00a0<strong>hiking<\/strong>,\u00a0<strong>cycling trips<\/strong>, and\u00a0<strong>winter skiing<\/strong>. From the cottage, the\u00a0<strong>ski slopes in \u010cern\u00fd D\u016fl are only about 500 m away (a 5-minute walk)<\/strong>\u00a0\u2013 the area is part of the\u00a0<strong>SkiResort \u010cERN\u00c1 HORA \u2013 PEC<\/strong>, the largest interconnected ski resort in the Czech Republic.<\/p>\n\n\n\n<p><\/p>\n","protected":false},"excerpt":{"rendered":"<p>\u010cern\u00fd D\u016fl\u00a0is a\u00a0picturesque mountain town\u00a0located at the foothills of the\u00a0eastern Krkono\u0161e Mountains, surrounded by\u00a0meadows,\u00a0forests, and\u00a0mountain streams. Thanks to its location near\u00a0\u010cern\u00e1 hora\u00a0and the\u00a0Krkono\u0161e National Park, it is an ideal base for\u00a0hiking,\u00a0cycling trips, and\u00a0winter skiing. From the cottage, the\u00a0ski slopes in \u010cern\u00fd D\u016fl are only about 500 m away (a 5-minute walk)\u00a0\u2013 the area is part [&hellip;]<\/p>\n","protected":false},"author":1,"featured_media":0,"parent":0,"menu_order":0,"comment_status":"closed","ping_status":"closed","template":"aktivity.php","meta":{"_acf_changed":false,"footnotes":""},"class_list":["post-19","page","type-page","status-publish","hentry"],"acf":[],"_links":{"self":[{"href":"https:\/\/chalupa-horskypotok.cz\/en\/wp-json\/wp\/v2\/pages\/19","targetHints":{"allow":["GET"]}}],"collection":[{"href":"https:\/\/chalupa-horskypotok.cz\/en\/wp-json\/wp\/v2\/pages"}],"about":[{"href":"https:\/\/chalupa-horskypotok.cz\/en\/wp-json\/wp\/v2\/types\/page"}],"author":[{"embeddable":true,"href":"https:\/\/chalupa-horskypotok.cz\/en\/wp-json\/wp\/v2\/users\/1"}],"replies":[{"embeddable":true,"href":"https:\/\/chalupa-horskypotok.cz\/en\/wp-json\/wp\/v2\/comments?post=19"}],"version-history":[{"count":2,"href":"https:\/\/chalupa-horskypotok.cz\/en\/wp-json\/wp\/v2\/pages\/19\/revisions"}],"predecessor-version":[{"id":131,"href":"https:\/\/chalupa-horskypotok.cz\/en\/wp-json\/wp\/v2\/pages\/19\/revisions\/131"}],"wp:attachment":[{"href":"https:\/\/chalupa-horskypotok.cz\/en\/wp-json\/wp\/v2\/media?parent=19"}],"curies":[{"name":"wp","href":"https:\/\/api.w.org\/{rel}","templated":true}]}}